{"id":1612,"date":"2025-05-07T15:33:37","date_gmt":"2025-05-07T13:33:37","guid":{"rendered":"https:\/\/centredetudesargonnais.com\/?page_id=1612"},"modified":"2025-05-07T15:55:15","modified_gmt":"2025-05-07T13:55:15","slug":"les-contributeurs","status":"publish","type":"page","link":"https:\/\/centredetudesargonnais.com\/index.php\/a-propos-de\/les-contributeurs\/","title":{"rendered":"Les contributeurs"},"content":{"rendered":"\t\t<div data-elementor-type=\"wp-page\" data-elementor-id=\"1612\" class=\"elementor elementor-1612\">\n\t\t\t\t<div class=\"elementor-element elementor-element-ad39c01 e-flex e-con-boxed e-con e-parent\" data-id=\"ad39c01\" data-element_type=\"container\" data-e-type=\"container\">\n\t\t\t\t\t<div class=\"e-con-inner\">\n\t\t\t\t<div class=\"elementor-element elementor-element-1efde0a elementor-widget elementor-widget-heading\" data-id=\"1efde0a\" data-element_type=\"widget\" data-e-type=\"widget\" data-widget_type=\"heading.default\">\n\t\t\t\t<div class=\"elementor-widget-container\">\n\t\t\t\t\t<h2 class=\"elementor-heading-title elementor-size-default\">Liste des auteurs qui ont contribu\u00e9 \u00e0 la r\u00e9daction des ouvrages<\/h2>\t\t\t\t<\/div>\n\t\t\t\t<\/div>\n\t\t\t\t\t<\/div>\n\t\t\t\t<\/div>\n\t\t<div class=\"elementor-element elementor-element-288e775 e-flex e-con-boxed e-con e-parent\" data-id=\"288e775\" data-element_type=\"container\" data-e-type=\"container\">\n\t\t\t\t\t<div class=\"e-con-inner\">\n\t\t\t\t<div class=\"elementor-element elementor-element-46238859 elementor-widget elementor-widget-text-editor\" data-id=\"46238859\" data-element_type=\"widget\" data-e-type=\"widget\" data-widget_type=\"text-editor.default\">\n\t\t\t\t<div class=\"elementor-widget-container\">\n\t\t\t\t\t\t\t\t\t<ul><li>Fran\u00e7ois Jannin<\/li><li>Jacques Hussenet<\/li><li>Jean-Pierre Harbulot<\/li><li>Hannequin<\/li><li>Gilbert Destrez<\/li><li>Hubert Collin<\/li><li>Georges Clause<\/li><li>Gilles Deroche<\/li><li>Andr\u00e9 Bussinger<\/li><li>Serge Bonnet<\/li><li>Bernard Bestel<\/li><li>L&rsquo;abb\u00e9 Aubry<\/li><li>Ren\u00e9 Traveneaux<\/li><li>Jean-Marie Lambert\u00a0<\/li><li>Capitaine de Lambert<\/li><li>Jean-Paul Amat<\/li><li>Alcide Leriche<\/li><li>L&rsquo;abb\u00e9 Louis<\/li><li>Jean-Michel Lalanne<\/li><li>Andr\u00e9 L&rsquo;Huillier<\/li><li>Jean-Louis Mery<\/li><li>Michel Maigret<\/li><li>Colette M\u00e9chin<\/li><li>Fran\u00e7ois Duboisy<\/li><li>R\u00e9gine Pernoud<\/li><li>Michel Poncelet<\/li><li>\u00a0Bernard Poplineau<\/li><li>Jean-baptiste Schweyer<\/li><li>Fran\u00e7ois-Xavier Schweyer<\/li><li>Roger Lelorain<\/li><li>Jean Noel\u00a0<\/li><li>Goerges Chenet<\/li><li>John Dos Passos<\/li><li>Robert Lallement<\/li><li>Paul Bigault de Cazanove<\/li><li>Georges Clause<\/li><li>Michel Coistia<\/li><li>Henri Manceau<\/li><li>Carole Ksiazenicer<\/li><li>Grand Tendron<\/li><li>Fran\u00e7ois Stupp<\/li><li>Maurice Martin<\/li><li>Jean-Paul Streiff<\/li><li>Yves Losser<\/li><\/ul>\t\t\t\t\t\t\t\t<\/div>\n\t\t\t\t<\/div>\n\t\t\t\t\t<\/div>\n\t\t\t\t<\/div>\n\t\t\t\t<\/div>\n\t\t","protected":false},"excerpt":{"rendered":"<p>Liste des auteurs qui ont contribu\u00e9 \u00e0 la r\u00e9daction des ouvrages Fran\u00e7ois Jannin Jacques Hussenet &hellip; <\/p>\n","protected":false},"author":1,"featured_media":0,"parent":12,"menu_order":0,"comment_status":"closed","ping_status":"closed","template":"","meta":{"footnotes":""},"class_list":["post-1612","page","type-page","status-publish","hentry","latest_post"],"yoast_head":"<!-- This site is optimized with the Yoast SEO plugin v27.0 - https:\/\/yoast.com\/product\/yoast-seo-wordpress\/ -->\n<title>Les contributeurs - Le Centre d&#039;\u00c9tudes Argonnais<\/title>\n<meta name=\"robots\" content=\"index, follow, max-snippet:-1, max-image-preview:large, max-video-preview:-1\" \/>\n<link rel=\"canonical\" href=\"https:\/\/centredetudesargonnais.com\/index.php\/a-propos-de\/les-contributeurs\/\" \/>\n<meta property=\"og:locale\" content=\"fr_FR\" \/>\n<meta property=\"og:type\" content=\"article\" \/>\n<meta property=\"og:title\" content=\"Les contributeurs - Le Centre d&#039;\u00c9tudes Argonnais\" \/>\n<meta property=\"og:description\" content=\"Liste des auteurs qui ont contribu\u00e9 \u00e0 la r\u00e9daction des ouvrages Fran\u00e7ois Jannin Jacques Hussenet &hellip;\" \/>\n<meta property=\"og:url\" content=\"https:\/\/centredetudesargonnais.com\/index.php\/a-propos-de\/les-contributeurs\/\" \/>\n<meta property=\"og:site_name\" content=\"Le Centre d&#039;\u00c9tudes Argonnais\" \/>\n<meta property=\"article:modified_time\" content=\"2025-05-07T13:55:15+00:00\" \/>\n<meta name=\"twitter:card\" content=\"summary_large_image\" \/>\n<meta name=\"twitter:label1\" content=\"Dur\u00e9e de lecture estim\u00e9e\" \/>\n\t<meta name=\"twitter:data1\" content=\"1 minute\" \/>\n<script type=\"application\/ld+json\" class=\"yoast-schema-graph\">{\"@context\":\"https:\/\/schema.org\",\"@graph\":[{\"@type\":\"WebPage\",\"@id\":\"https:\/\/centredetudesargonnais.com\/index.php\/a-propos-de\/les-contributeurs\/\",\"url\":\"https:\/\/centredetudesargonnais.com\/index.php\/a-propos-de\/les-contributeurs\/\",\"name\":\"Les contributeurs - Le Centre d&#039;\u00c9tudes Argonnais\",\"isPartOf\":{\"@id\":\"https:\/\/centredetudesargonnais.com\/#website\"},\"datePublished\":\"2025-05-07T13:33:37+00:00\",\"dateModified\":\"2025-05-07T13:55:15+00:00\",\"breadcrumb\":{\"@id\":\"https:\/\/centredetudesargonnais.com\/index.php\/a-propos-de\/les-contributeurs\/#breadcrumb\"},\"inLanguage\":\"fr-FR\",\"potentialAction\":[{\"@type\":\"ReadAction\",\"target\":[\"https:\/\/centredetudesargonnais.com\/index.php\/a-propos-de\/les-contributeurs\/\"]}]},{\"@type\":\"BreadcrumbList\",\"@id\":\"https:\/\/centredetudesargonnais.com\/index.php\/a-propos-de\/les-contributeurs\/#breadcrumb\",\"itemListElement\":[{\"@type\":\"ListItem\",\"position\":1,\"name\":\"Accueil\",\"item\":\"https:\/\/centredetudesargonnais.com\/\"},{\"@type\":\"ListItem\",\"position\":2,\"name\":\"\u00c0 propos de\",\"item\":\"https:\/\/centredetudesargonnais.com\/index.php\/a-propos-de\/\"},{\"@type\":\"ListItem\",\"position\":3,\"name\":\"Les contributeurs\"}]},{\"@type\":\"WebSite\",\"@id\":\"https:\/\/centredetudesargonnais.com\/#website\",\"url\":\"https:\/\/centredetudesargonnais.com\/\",\"name\":\"Le Centre d&#039;\u00c9tudes Argonnais\",\"description\":\"Association\",\"publisher\":{\"@id\":\"https:\/\/centredetudesargonnais.com\/#organization\"},\"potentialAction\":[{\"@type\":\"SearchAction\",\"target\":{\"@type\":\"EntryPoint\",\"urlTemplate\":\"https:\/\/centredetudesargonnais.com\/?s={search_term_string}\"},\"query-input\":{\"@type\":\"PropertyValueSpecification\",\"valueRequired\":true,\"valueName\":\"search_term_string\"}}],\"inLanguage\":\"fr-FR\"},{\"@type\":\"Organization\",\"@id\":\"https:\/\/centredetudesargonnais.com\/#organization\",\"name\":\"Le Centre d&#039;\u00c9tudes Argonnais\",\"url\":\"https:\/\/centredetudesargonnais.com\/\",\"logo\":{\"@type\":\"ImageObject\",\"inLanguage\":\"fr-FR\",\"@id\":\"https:\/\/centredetudesargonnais.com\/#\/schema\/logo\/image\/\",\"url\":\"https:\/\/centredetudesargonnais.com\/wp-content\/uploads\/2025\/12\/logo-site-menu.png\",\"contentUrl\":\"https:\/\/centredetudesargonnais.com\/wp-content\/uploads\/2025\/12\/logo-site-menu.png\",\"width\":120,\"height\":120,\"caption\":\"Le Centre d&#039;\u00c9tudes Argonnais\"},\"image\":{\"@id\":\"https:\/\/centredetudesargonnais.com\/#\/schema\/logo\/image\/\"}}]}<\/script>\n<!-- \/ Yoast SEO plugin. -->","yoast_head_json":{"title":"Les contributeurs - Le Centre d&#039;\u00c9tudes Argonnais","robots":{"index":"index","follow":"follow","max-snippet":"max-snippet:-1","max-image-preview":"max-image-preview:large","max-video-preview":"max-video-preview:-1"},"canonical":"https:\/\/centredetudesargonnais.com\/index.php\/a-propos-de\/les-contributeurs\/","og_locale":"fr_FR","og_type":"article","og_title":"Les contributeurs - Le Centre d&#039;\u00c9tudes Argonnais","og_description":"Liste des auteurs qui ont contribu\u00e9 \u00e0 la r\u00e9daction des ouvrages Fran\u00e7ois Jannin Jacques Hussenet &hellip;","og_url":"https:\/\/centredetudesargonnais.com\/index.php\/a-propos-de\/les-contributeurs\/","og_site_name":"Le Centre d&#039;\u00c9tudes Argonnais","article_modified_time":"2025-05-07T13:55:15+00:00","twitter_card":"summary_large_image","twitter_misc":{"Dur\u00e9e de lecture estim\u00e9e":"1 minute"},"schema":{"@context":"https:\/\/schema.org","@graph":[{"@type":"WebPage","@id":"https:\/\/centredetudesargonnais.com\/index.php\/a-propos-de\/les-contributeurs\/","url":"https:\/\/centredetudesargonnais.com\/index.php\/a-propos-de\/les-contributeurs\/","name":"Les contributeurs - Le Centre d&#039;\u00c9tudes Argonnais","isPartOf":{"@id":"https:\/\/centredetudesargonnais.com\/#website"},"datePublished":"2025-05-07T13:33:37+00:00","dateModified":"2025-05-07T13:55:15+00:00","breadcrumb":{"@id":"https:\/\/centredetudesargonnais.com\/index.php\/a-propos-de\/les-contributeurs\/#breadcrumb"},"inLanguage":"fr-FR","potentialAction":[{"@type":"ReadAction","target":["https:\/\/centredetudesargonnais.com\/index.php\/a-propos-de\/les-contributeurs\/"]}]},{"@type":"BreadcrumbList","@id":"https:\/\/centredetudesargonnais.com\/index.php\/a-propos-de\/les-contributeurs\/#breadcrumb","itemListElement":[{"@type":"ListItem","position":1,"name":"Accueil","item":"https:\/\/centredetudesargonnais.com\/"},{"@type":"ListItem","position":2,"name":"\u00c0 propos de","item":"https:\/\/centredetudesargonnais.com\/index.php\/a-propos-de\/"},{"@type":"ListItem","position":3,"name":"Les contributeurs"}]},{"@type":"WebSite","@id":"https:\/\/centredetudesargonnais.com\/#website","url":"https:\/\/centredetudesargonnais.com\/","name":"Le Centre d&#039;\u00c9tudes Argonnais","description":"Association","publisher":{"@id":"https:\/\/centredetudesargonnais.com\/#organization"},"potentialAction":[{"@type":"SearchAction","target":{"@type":"EntryPoint","urlTemplate":"https:\/\/centredetudesargonnais.com\/?s={search_term_string}"},"query-input":{"@type":"PropertyValueSpecification","valueRequired":true,"valueName":"search_term_string"}}],"inLanguage":"fr-FR"},{"@type":"Organization","@id":"https:\/\/centredetudesargonnais.com\/#organization","name":"Le Centre d&#039;\u00c9tudes Argonnais","url":"https:\/\/centredetudesargonnais.com\/","logo":{"@type":"ImageObject","inLanguage":"fr-FR","@id":"https:\/\/centredetudesargonnais.com\/#\/schema\/logo\/image\/","url":"https:\/\/centredetudesargonnais.com\/wp-content\/uploads\/2025\/12\/logo-site-menu.png","contentUrl":"https:\/\/centredetudesargonnais.com\/wp-content\/uploads\/2025\/12\/logo-site-menu.png","width":120,"height":120,"caption":"Le Centre d&#039;\u00c9tudes Argonnais"},"image":{"@id":"https:\/\/centredetudesargonnais.com\/#\/schema\/logo\/image\/"}}]}},"jetpack_sharing_enabled":true,"_links":{"self":[{"href":"https:\/\/centredetudesargonnais.com\/index.php\/wp-json\/wp\/v2\/pages\/1612","targetHints":{"allow":["GET"]}}],"collection":[{"href":"https:\/\/centredetudesargonnais.com\/index.php\/wp-json\/wp\/v2\/pages"}],"about":[{"href":"https:\/\/centredetudesargonnais.com\/index.php\/wp-json\/wp\/v2\/types\/page"}],"author":[{"embeddable":true,"href":"https:\/\/centredetudesargonnais.com\/index.php\/wp-json\/wp\/v2\/users\/1"}],"replies":[{"embeddable":true,"href":"https:\/\/centredetudesargonnais.com\/index.php\/wp-json\/wp\/v2\/comments?post=1612"}],"version-history":[{"count":7,"href":"https:\/\/centredetudesargonnais.com\/index.php\/wp-json\/wp\/v2\/pages\/1612\/revisions"}],"predecessor-version":[{"id":1623,"href":"https:\/\/centredetudesargonnais.com\/index.php\/wp-json\/wp\/v2\/pages\/1612\/revisions\/1623"}],"up":[{"embeddable":true,"href":"https:\/\/centredetudesargonnais.com\/index.php\/wp-json\/wp\/v2\/pages\/12"}],"wp:attachment":[{"href":"https:\/\/centredetudesargonnais.com\/index.php\/wp-json\/wp\/v2\/media?parent=1612"}],"curies":[{"name":"wp","href":"https:\/\/api.w.org\/{rel}","templated":true}]}}