{"id":1431,"date":"2025-02-05T16:26:13","date_gmt":"2025-02-05T15:26:13","guid":{"rendered":"https:\/\/centredetudesargonnais.com\/?page_id=1431"},"modified":"2025-07-29T11:28:55","modified_gmt":"2025-07-29T09:28:55","slug":"conseil-dadministration","status":"publish","type":"page","link":"https:\/\/centredetudesargonnais.com\/index.php\/a-propos-de\/conseil-dadministration\/","title":{"rendered":"Conseil d&rsquo;Administration"},"content":{"rendered":"\t\t<div data-elementor-type=\"wp-page\" data-elementor-id=\"1431\" class=\"elementor elementor-1431\">\n\t\t\t\t<div class=\"elementor-element elementor-element-ad39c01 e-flex e-con-boxed e-con e-parent\" data-id=\"ad39c01\" data-element_type=\"container\" data-e-type=\"container\">\n\t\t\t\t\t<div class=\"e-con-inner\">\n\t\t\t\t<div class=\"elementor-element elementor-element-1efde0a elementor-widget elementor-widget-heading\" data-id=\"1efde0a\" data-element_type=\"widget\" data-e-type=\"widget\" data-widget_type=\"heading.default\">\n\t\t\t\t<div class=\"elementor-widget-container\">\n\t\t\t\t\t<h2 class=\"elementor-heading-title elementor-size-default\">Composition<\/h2>\t\t\t\t<\/div>\n\t\t\t\t<\/div>\n\t\t\t\t\t<\/div>\n\t\t\t\t<\/div>\n\t\t<div class=\"elementor-element elementor-element-376ab9a e-flex e-con-boxed e-con e-parent\" data-id=\"376ab9a\" data-element_type=\"container\" data-e-type=\"container\">\n\t\t\t\t\t<div class=\"e-con-inner\">\n\t\t\t\t<div class=\"elementor-element elementor-element-b871d68 elementor-widget-divider--view-line elementor-widget elementor-widget-divider\" data-id=\"b871d68\" data-element_type=\"widget\" data-e-type=\"widget\" data-widget_type=\"divider.default\">\n\t\t\t\t<div class=\"elementor-widget-container\">\n\t\t\t\t\t\t\t<div class=\"elementor-divider\">\n\t\t\t<span class=\"elementor-divider-separator\">\n\t\t\t\t\t\t<\/span>\n\t\t<\/div>\n\t\t\t\t\t\t<\/div>\n\t\t\t\t<\/div>\n\t\t\t\t\t<\/div>\n\t\t\t\t<\/div>\n\t\t<div class=\"elementor-element elementor-element-b2d0ec8 e-flex e-con-boxed e-con e-parent\" data-id=\"b2d0ec8\" data-element_type=\"container\" data-e-type=\"container\">\n\t\t\t\t\t<div class=\"e-con-inner\">\n\t\t\t\t<div class=\"elementor-element elementor-element-0638dcd elementor-widget elementor-widget-heading\" data-id=\"0638dcd\" data-element_type=\"widget\" data-e-type=\"widget\" data-widget_type=\"heading.default\">\n\t\t\t\t<div class=\"elementor-widget-container\">\n\t\t\t\t\t<h4 class=\"elementor-heading-title elementor-size-default\">Les membres du Conseil d\u2019administration et de r\u00e9daction sont actuellement :<\/h4>\t\t\t\t<\/div>\n\t\t\t\t<\/div>\n\t\t\t\t\t<\/div>\n\t\t\t\t<\/div>\n\t\t<div class=\"elementor-element elementor-element-b08b774 e-flex e-con-boxed e-con e-parent\" data-id=\"b08b774\" data-element_type=\"container\" data-e-type=\"container\">\n\t\t\t\t\t<div class=\"e-con-inner\">\n\t\t<div class=\"elementor-element elementor-element-b6ebe8c e-con-full e-flex e-con e-child\" data-id=\"b6ebe8c\" data-element_type=\"container\" data-e-type=\"container\">\n\t\t\t\t<\/div>\n\t\t<div class=\"elementor-element elementor-element-a97749e e-con-full e-flex e-con e-child\" data-id=\"a97749e\" data-element_type=\"container\" data-e-type=\"container\">\n\t\t\t\t<div class=\"elementor-element elementor-element-6e98e05 elementor-widget elementor-widget-text-editor\" data-id=\"6e98e05\" data-element_type=\"widget\" data-e-type=\"widget\" data-widget_type=\"text-editor.default\">\n\t\t\t\t<div class=\"elementor-widget-container\">\n\t\t\t\t\t\t\t\t\t<ul><li>Gilles D\u00c8ROCHE, pr\u00e9sident, des Ardennes<\/li><li style=\"font-weight: 400;\">Michel GODARD, vice-pr\u00e9sident pour la Meuse<\/li><li style=\"font-weight: 400;\">Jean VIGOUROUX, vice-pr\u00e9sident pour la Marne<\/li><li style=\"font-weight: 400;\">Laurent WEISS, tr\u00e9sorier<\/li><li style=\"font-weight: 400;\">Daniel HOCHEDEZ, secr\u00e9taire<\/li><li style=\"font-weight: 400;\">No\u00eblle CAZIN, secr\u00e9taire honoraire<\/li><li style=\"font-weight: 400;\">Michel CHOSSENOT<\/li><li style=\"font-weight: 400;\">Jean-Pol \u00c9VRARD<\/li><li style=\"font-weight: 400;\">Jean-Pierre FAVE<\/li><li style=\"font-weight: 400;\">Marie-Christine JANNIN<\/li><li style=\"font-weight: 400;\">Jean-Louis LE HINGRAT<\/li><li style=\"font-weight: 400;\">Colette M\u00c9CHIN<\/li><li style=\"font-weight: 400;\">Laurence MILLOT<\/li><li style=\"font-weight: 400;\">Francine SAINT-RAMOND<\/li><li style=\"font-weight: 400;\">Marie-Christine VIGOUROUX.<\/li><\/ul><p style=\"font-weight: 400;\"><em>Comme tous les membres du Conseil d\u2019administration et du bureau du CEA originaires des trois d\u00e9partements argonnais, les membres et les auteurs d\u2019articles sont b\u00e9n\u00e9voles.<\/em><\/p>\t\t\t\t\t\t\t\t<\/div>\n\t\t\t\t<\/div>\n\t\t\t\t<\/div>\n\t\t<div class=\"elementor-element elementor-element-eb433b6 e-con-full e-flex e-con e-child\" data-id=\"eb433b6\" data-element_type=\"container\" data-e-type=\"container\">\n\t\t\t\t<\/div>\n\t\t\t\t\t<\/div>\n\t\t\t\t<\/div>\n\t\t<div class=\"elementor-element elementor-element-e9e4291 e-flex e-con-boxed e-con e-parent\" data-id=\"e9e4291\" data-element_type=\"container\" data-e-type=\"container\">\n\t\t\t\t\t<div class=\"e-con-inner\">\n\t\t\t\t<div class=\"elementor-element elementor-element-6086f18 elementor-align-center elementor-widget elementor-widget-button\" data-id=\"6086f18\" data-element_type=\"widget\" data-e-type=\"widget\" data-widget_type=\"button.default\">\n\t\t\t\t<div class=\"elementor-widget-container\">\n\t\t\t\t\t\t\t\t\t<div class=\"elementor-button-wrapper\">\n\t\t\t\t\t<a class=\"elementor-button elementor-button-link elementor-size-sm\" href=\"http:\/\/centredetudesargonnais.com\/wp-content\/uploads\/2025\/05\/Statuts-CEA.pdf\">\n\t\t\t\t\t\t<span class=\"elementor-button-content-wrapper\">\n\t\t\t\t\t\t\t\t\t<span class=\"elementor-button-text\">LES STATUTS DE L'ASSOCIATION<\/span>\n\t\t\t\t\t<\/span>\n\t\t\t\t\t<\/a>\n\t\t\t\t<\/div>\n\t\t\t\t\t\t\t\t<\/div>\n\t\t\t\t<\/div>\n\t\t\t\t\t<\/div>\n\t\t\t\t<\/div>\n\t\t\t\t<\/div>\n\t\t","protected":false},"excerpt":{"rendered":"<p>Composition Les membres du Conseil d\u2019administration et de r\u00e9daction sont actuellement : Gilles D\u00c8ROCHE, pr\u00e9sident, &hellip; <\/p>\n","protected":false},"author":1,"featured_media":0,"parent":12,"menu_order":0,"comment_status":"closed","ping_status":"closed","template":"","meta":{"footnotes":""},"class_list":["post-1431","page","type-page","status-publish","hentry","latest_post"],"yoast_head":"<!-- This site is optimized with the Yoast SEO plugin v27.0 - https:\/\/yoast.com\/product\/yoast-seo-wordpress\/ -->\n<title>Conseil d&#039;Administration - Le Centre d&#039;\u00c9tudes Argonnais<\/title>\n<meta name=\"robots\" content=\"index, follow, max-snippet:-1, max-image-preview:large, max-video-preview:-1\" \/>\n<link rel=\"canonical\" href=\"https:\/\/centredetudesargonnais.com\/index.php\/a-propos-de\/conseil-dadministration\/\" \/>\n<meta property=\"og:locale\" content=\"fr_FR\" \/>\n<meta property=\"og:type\" content=\"article\" \/>\n<meta property=\"og:title\" content=\"Conseil d&#039;Administration - Le Centre d&#039;\u00c9tudes Argonnais\" \/>\n<meta property=\"og:description\" content=\"Composition Les membres du Conseil d\u2019administration et de r\u00e9daction sont actuellement : Gilles D\u00c8ROCHE, pr\u00e9sident, &hellip;\" \/>\n<meta property=\"og:url\" content=\"https:\/\/centredetudesargonnais.com\/index.php\/a-propos-de\/conseil-dadministration\/\" \/>\n<meta property=\"og:site_name\" content=\"Le Centre d&#039;\u00c9tudes Argonnais\" \/>\n<meta property=\"article:modified_time\" content=\"2025-07-29T09:28:55+00:00\" \/>\n<meta name=\"twitter:card\" content=\"summary_large_image\" \/>\n<meta name=\"twitter:label1\" content=\"Dur\u00e9e de lecture estim\u00e9e\" \/>\n\t<meta name=\"twitter:data1\" content=\"1 minute\" \/>\n<script type=\"application\/ld+json\" class=\"yoast-schema-graph\">{\"@context\":\"https:\/\/schema.org\",\"@graph\":[{\"@type\":\"WebPage\",\"@id\":\"https:\/\/centredetudesargonnais.com\/index.php\/a-propos-de\/conseil-dadministration\/\",\"url\":\"https:\/\/centredetudesargonnais.com\/index.php\/a-propos-de\/conseil-dadministration\/\",\"name\":\"Conseil d'Administration - Le Centre d&#039;\u00c9tudes Argonnais\",\"isPartOf\":{\"@id\":\"https:\/\/centredetudesargonnais.com\/#website\"},\"datePublished\":\"2025-02-05T15:26:13+00:00\",\"dateModified\":\"2025-07-29T09:28:55+00:00\",\"breadcrumb\":{\"@id\":\"https:\/\/centredetudesargonnais.com\/index.php\/a-propos-de\/conseil-dadministration\/#breadcrumb\"},\"inLanguage\":\"fr-FR\",\"potentialAction\":[{\"@type\":\"ReadAction\",\"target\":[\"https:\/\/centredetudesargonnais.com\/index.php\/a-propos-de\/conseil-dadministration\/\"]}]},{\"@type\":\"BreadcrumbList\",\"@id\":\"https:\/\/centredetudesargonnais.com\/index.php\/a-propos-de\/conseil-dadministration\/#breadcrumb\",\"itemListElement\":[{\"@type\":\"ListItem\",\"position\":1,\"name\":\"Accueil\",\"item\":\"https:\/\/centredetudesargonnais.com\/\"},{\"@type\":\"ListItem\",\"position\":2,\"name\":\"\u00c0 propos de\",\"item\":\"https:\/\/centredetudesargonnais.com\/index.php\/a-propos-de\/\"},{\"@type\":\"ListItem\",\"position\":3,\"name\":\"Conseil d&rsquo;Administration\"}]},{\"@type\":\"WebSite\",\"@id\":\"https:\/\/centredetudesargonnais.com\/#website\",\"url\":\"https:\/\/centredetudesargonnais.com\/\",\"name\":\"Le Centre d&#039;\u00c9tudes Argonnais\",\"description\":\"Association\",\"publisher\":{\"@id\":\"https:\/\/centredetudesargonnais.com\/#organization\"},\"potentialAction\":[{\"@type\":\"SearchAction\",\"target\":{\"@type\":\"EntryPoint\",\"urlTemplate\":\"https:\/\/centredetudesargonnais.com\/?s={search_term_string}\"},\"query-input\":{\"@type\":\"PropertyValueSpecification\",\"valueRequired\":true,\"valueName\":\"search_term_string\"}}],\"inLanguage\":\"fr-FR\"},{\"@type\":\"Organization\",\"@id\":\"https:\/\/centredetudesargonnais.com\/#organization\",\"name\":\"Le Centre d&#039;\u00c9tudes Argonnais\",\"url\":\"https:\/\/centredetudesargonnais.com\/\",\"logo\":{\"@type\":\"ImageObject\",\"inLanguage\":\"fr-FR\",\"@id\":\"https:\/\/centredetudesargonnais.com\/#\/schema\/logo\/image\/\",\"url\":\"https:\/\/centredetudesargonnais.com\/wp-content\/uploads\/2025\/12\/logo-site-menu.png\",\"contentUrl\":\"https:\/\/centredetudesargonnais.com\/wp-content\/uploads\/2025\/12\/logo-site-menu.png\",\"width\":120,\"height\":120,\"caption\":\"Le Centre d&#039;\u00c9tudes Argonnais\"},\"image\":{\"@id\":\"https:\/\/centredetudesargonnais.com\/#\/schema\/logo\/image\/\"}}]}<\/script>\n<!-- \/ Yoast SEO plugin. -->","yoast_head_json":{"title":"Conseil d'Administration - Le Centre d&#039;\u00c9tudes Argonnais","robots":{"index":"index","follow":"follow","max-snippet":"max-snippet:-1","max-image-preview":"max-image-preview:large","max-video-preview":"max-video-preview:-1"},"canonical":"https:\/\/centredetudesargonnais.com\/index.php\/a-propos-de\/conseil-dadministration\/","og_locale":"fr_FR","og_type":"article","og_title":"Conseil d'Administration - Le Centre d&#039;\u00c9tudes Argonnais","og_description":"Composition Les membres du Conseil d\u2019administration et de r\u00e9daction sont actuellement : Gilles D\u00c8ROCHE, pr\u00e9sident, &hellip;","og_url":"https:\/\/centredetudesargonnais.com\/index.php\/a-propos-de\/conseil-dadministration\/","og_site_name":"Le Centre d&#039;\u00c9tudes Argonnais","article_modified_time":"2025-07-29T09:28:55+00:00","twitter_card":"summary_large_image","twitter_misc":{"Dur\u00e9e de lecture estim\u00e9e":"1 minute"},"schema":{"@context":"https:\/\/schema.org","@graph":[{"@type":"WebPage","@id":"https:\/\/centredetudesargonnais.com\/index.php\/a-propos-de\/conseil-dadministration\/","url":"https:\/\/centredetudesargonnais.com\/index.php\/a-propos-de\/conseil-dadministration\/","name":"Conseil d'Administration - Le Centre d&#039;\u00c9tudes Argonnais","isPartOf":{"@id":"https:\/\/centredetudesargonnais.com\/#website"},"datePublished":"2025-02-05T15:26:13+00:00","dateModified":"2025-07-29T09:28:55+00:00","breadcrumb":{"@id":"https:\/\/centredetudesargonnais.com\/index.php\/a-propos-de\/conseil-dadministration\/#breadcrumb"},"inLanguage":"fr-FR","potentialAction":[{"@type":"ReadAction","target":["https:\/\/centredetudesargonnais.com\/index.php\/a-propos-de\/conseil-dadministration\/"]}]},{"@type":"BreadcrumbList","@id":"https:\/\/centredetudesargonnais.com\/index.php\/a-propos-de\/conseil-dadministration\/#breadcrumb","itemListElement":[{"@type":"ListItem","position":1,"name":"Accueil","item":"https:\/\/centredetudesargonnais.com\/"},{"@type":"ListItem","position":2,"name":"\u00c0 propos de","item":"https:\/\/centredetudesargonnais.com\/index.php\/a-propos-de\/"},{"@type":"ListItem","position":3,"name":"Conseil d&rsquo;Administration"}]},{"@type":"WebSite","@id":"https:\/\/centredetudesargonnais.com\/#website","url":"https:\/\/centredetudesargonnais.com\/","name":"Le Centre d&#039;\u00c9tudes Argonnais","description":"Association","publisher":{"@id":"https:\/\/centredetudesargonnais.com\/#organization"},"potentialAction":[{"@type":"SearchAction","target":{"@type":"EntryPoint","urlTemplate":"https:\/\/centredetudesargonnais.com\/?s={search_term_string}"},"query-input":{"@type":"PropertyValueSpecification","valueRequired":true,"valueName":"search_term_string"}}],"inLanguage":"fr-FR"},{"@type":"Organization","@id":"https:\/\/centredetudesargonnais.com\/#organization","name":"Le Centre d&#039;\u00c9tudes Argonnais","url":"https:\/\/centredetudesargonnais.com\/","logo":{"@type":"ImageObject","inLanguage":"fr-FR","@id":"https:\/\/centredetudesargonnais.com\/#\/schema\/logo\/image\/","url":"https:\/\/centredetudesargonnais.com\/wp-content\/uploads\/2025\/12\/logo-site-menu.png","contentUrl":"https:\/\/centredetudesargonnais.com\/wp-content\/uploads\/2025\/12\/logo-site-menu.png","width":120,"height":120,"caption":"Le Centre d&#039;\u00c9tudes Argonnais"},"image":{"@id":"https:\/\/centredetudesargonnais.com\/#\/schema\/logo\/image\/"}}]}},"jetpack_sharing_enabled":true,"_links":{"self":[{"href":"https:\/\/centredetudesargonnais.com\/index.php\/wp-json\/wp\/v2\/pages\/1431","targetHints":{"allow":["GET"]}}],"collection":[{"href":"https:\/\/centredetudesargonnais.com\/index.php\/wp-json\/wp\/v2\/pages"}],"about":[{"href":"https:\/\/centredetudesargonnais.com\/index.php\/wp-json\/wp\/v2\/types\/page"}],"author":[{"embeddable":true,"href":"https:\/\/centredetudesargonnais.com\/index.php\/wp-json\/wp\/v2\/users\/1"}],"replies":[{"embeddable":true,"href":"https:\/\/centredetudesargonnais.com\/index.php\/wp-json\/wp\/v2\/comments?post=1431"}],"version-history":[{"count":14,"href":"https:\/\/centredetudesargonnais.com\/index.php\/wp-json\/wp\/v2\/pages\/1431\/revisions"}],"predecessor-version":[{"id":1665,"href":"https:\/\/centredetudesargonnais.com\/index.php\/wp-json\/wp\/v2\/pages\/1431\/revisions\/1665"}],"up":[{"embeddable":true,"href":"https:\/\/centredetudesargonnais.com\/index.php\/wp-json\/wp\/v2\/pages\/12"}],"wp:attachment":[{"href":"https:\/\/centredetudesargonnais.com\/index.php\/wp-json\/wp\/v2\/media?parent=1431"}],"curies":[{"name":"wp","href":"https:\/\/api.w.org\/{rel}","templated":true}]}}