{"id":12,"date":"2024-06-06T14:25:09","date_gmt":"2024-06-06T12:25:09","guid":{"rendered":"https:\/\/centredetudesargonnais.com\/?page_id=12"},"modified":"2025-11-27T15:23:14","modified_gmt":"2025-11-27T14:23:14","slug":"a-propos-de","status":"publish","type":"page","link":"https:\/\/centredetudesargonnais.com\/index.php\/a-propos-de\/","title":{"rendered":"\u00c0 propos de"},"content":{"rendered":"\t\t<div data-elementor-type=\"wp-page\" data-elementor-id=\"12\" class=\"elementor elementor-12\">\n\t\t\t\t<div class=\"elementor-element elementor-element-cd3f450 e-flex e-con-boxed e-con e-parent\" data-id=\"cd3f450\" data-element_type=\"container\" data-e-type=\"container\">\n\t\t\t\t\t<div class=\"e-con-inner\">\n\t\t\t\t<div class=\"elementor-element elementor-element-e9fd0bc elementor-widget elementor-widget-image\" data-id=\"e9fd0bc\" data-element_type=\"widget\" data-e-type=\"widget\" data-widget_type=\"image.default\">\n\t\t\t\t<div class=\"elementor-widget-container\">\n\t\t\t\t\t\t\t\t\t\t\t\t\t\t\t<img fetchpriority=\"high\" decoding=\"async\" width=\"600\" height=\"140\" src=\"https:\/\/centredetudesargonnais.com\/wp-content\/uploads\/2024\/08\/WD-CE-Argonnais.png\" class=\"attachment-book-landing-page-without-sidebar size-book-landing-page-without-sidebar wp-image-154\" alt=\"\" srcset=\"https:\/\/centredetudesargonnais.com\/wp-content\/uploads\/2024\/08\/WD-CE-Argonnais.png 600w, https:\/\/centredetudesargonnais.com\/wp-content\/uploads\/2024\/08\/WD-CE-Argonnais-300x70.png 300w, https:\/\/centredetudesargonnais.com\/wp-content\/uploads\/2024\/08\/WD-CE-Argonnais-257x60.png 257w\" sizes=\"(max-width: 600px) 100vw, 600px\" \/>\t\t\t\t\t\t\t\t\t\t\t\t\t\t\t<\/div>\n\t\t\t\t<\/div>\n\t\t\t\t\t<\/div>\n\t\t\t\t<\/div>\n\t\t<div class=\"elementor-element elementor-element-ad39c01 e-flex e-con-boxed e-con e-parent\" data-id=\"ad39c01\" data-element_type=\"container\" data-e-type=\"container\">\n\t\t\t\t\t<div class=\"e-con-inner\">\n\t\t\t\t<div class=\"elementor-element elementor-element-1efde0a elementor-widget elementor-widget-heading\" data-id=\"1efde0a\" data-element_type=\"widget\" data-e-type=\"widget\" data-widget_type=\"heading.default\">\n\t\t\t\t<div class=\"elementor-widget-container\">\n\t\t\t\t\t<h2 class=\"elementor-heading-title elementor-size-default\">Pr\u00e9sentation<\/h2>\t\t\t\t<\/div>\n\t\t\t\t<\/div>\n\t\t\t\t\t<\/div>\n\t\t\t\t<\/div>\n\t\t<div class=\"elementor-element elementor-element-288e775 e-flex e-con-boxed e-con e-parent\" data-id=\"288e775\" data-element_type=\"container\" data-e-type=\"container\">\n\t\t\t\t\t<div class=\"e-con-inner\">\n\t\t\t\t<div class=\"elementor-element elementor-element-46238859 elementor-widget elementor-widget-text-editor\" data-id=\"46238859\" data-element_type=\"widget\" data-e-type=\"widget\" data-widget_type=\"text-editor.default\">\n\t\t\t\t<div class=\"elementor-widget-container\">\n\t\t\t\t\t\t\t\t\t<p>Le Centre d&rsquo;\u00c9tudes Argonnais est une association r\u00e9unissant des hommes et des femmes attach\u00e9s par leur origine ou par tout autre lien \u00e0 la r\u00e9gion foresti\u00e8re d&rsquo;Argonne, massif de gaize culminant \u00e0 300 m\u00e8tres et situ\u00e9, essentiellement, de part et d&rsquo;autre de la Biesme (rivi\u00e8re petite mais fronti\u00e8re, durant quatre si\u00e8cles, entre la France et l&#8217;empire germanique), entre la vall\u00e9e sup\u00e9rieure de l&rsquo;Aisne et celle de l&rsquo;Aire, avec des extensions orientales vers la Meuse.<\/p><p>Association r\u00e9gie par la loi du ler juillet 1901, d\u00e9clar\u00e9e \u00e0 la sous-pr\u00e9fecture de Sainte-Menehould le 8 avril 1958 (J.O.R.F. du 25 avril 1958), avec si\u00e8ge social \u00e0 l&rsquo;H\u00f4tel de ville de Sainte-Menehould, le Centre d&rsquo;\u00c9tudes Argonnais a pour but de faire mieux conna\u00eetre 1&rsquo;Argonne, d&rsquo;effectuer des \u00e9tudes locales et r\u00e9gionales et d&rsquo;organiser des manifestations culturelles.<\/p><p>L&rsquo;Argonne \u00e0 faire (mieux) conna\u00eetre est celle du pays interr\u00e9gional (Champagne-Ardenne et Lorraine) et interd\u00e9partemental (Ardennes, Marne et Meuse) environnant Vouziers, Sainte-Menehould et Clermont-en-Argonne. <br \/>-Artificielles, ces divisions administratives d\u00e9coulent de causes historiques (trait\u00e9 de Verdun&#8230;).<br \/>-Son nom pourrait \u00eatre d&rsquo;origine celtique (Argonne, montagne), en \u00e9ventuelle parent\u00e9 avec l&rsquo;Argoat des Bretons qui d\u00e9signe une r\u00e9gion bois\u00e9e.<\/p><p>Le Centre d&rsquo;\u00c9tudes Argonnais se proposant de partager entre ses membres les connaissances des agronomes, anthropologues, arch\u00e9ologues, botanistes, d\u00e9mographes, dialectologues, \u00e9conomistes, \u00e9tymologistes, g\u00e9ographes, g\u00e9ologues, historiens, hydrologues, statisticiens, th\u00e9ologiens, zoologistes et autres sp\u00e9cialistes, y compris les humoristes&#8230; ses \u00e9tudes locales et r\u00e9gionales ont \u00e9t\u00e9 \u00e9dit\u00e9es dans la revue Horizons d&rsquo;Argonne.<br \/>L&rsquo;ancienne \u00e9dition papier a cess\u00e9 fin 2009.<br \/>La parution en ligne des num\u00e9ros 87 \u00e0 98 de la revue, est effective depuis juin 2010.<br \/>La nouvelle version papier, est disponible en point de vente \u00e0 20 et 25\u00a0\u20ac, elles peuvent \u00eatre exp\u00e9di\u00e9es sur demande, merci de vous renseigner par tous moyens, sur le tarif des frais de port applicables.<br \/><b>2023 &#8211; l&rsquo;ultime r\u00e9vision Num\u00e9ro 100, est en ligne !<\/b><\/p><p>Il vous faudra patienter jusqu&rsquo;\u00e0 fin Septembre 2021 pour une proposition d&rsquo;une version papier similaire aux N\u00b087 \u00e0 97. Le num\u00e9ro 97 de 160 p est \u00e0 20\u00a0\u20ac Cependant ce num\u00e9ro 98 de 212 p sera disponible en point de vente \u00e0 25\u00a0\u20ac et exp\u00e9di\u00e9 sur demande, merci de vous renseigner, sur le tarif des frais de port applicables. <br \/>L&rsquo;onglet \u00ab\u00a0R\u00e9pertoire des publications du CEA, donne acc\u00e8s \u00e0 la table des mati\u00e8res de tous les num\u00e9ros.<\/p><p>En plus des sorties annuelles qui font d\u00e9couvrir \u00e0 ses membres, alternativement dans chacun des trois d\u00e9partements argonnais, un site particulier, le CEA a organis\u00e9 le Congr\u00e8s de Vouziers, fondateur, en 1958 et les journ\u00e9es franco-allemandes de Sainte-Menehould sur Chamisso en 1981 (actes \u00e9dit\u00e9s en 1982).<\/p><p>Les pr\u00e9sidents successifs du Centre d&rsquo;\u00c9tudes Argonnais ont \u00e9t\u00e9 Messieurs Jean Babin, recteur de l&rsquo;Acad\u00e9mie de Bordeaux, en 1958, Jean No\u00ebl en 1979, Alcide Leriche en 1997, Jean-Paul Amat en 2001, et Gilles DEROCHE \u00e0 partir de 2009.<\/p>\t\t\t\t\t\t\t\t<\/div>\n\t\t\t\t<\/div>\n\t\t\t\t\t<\/div>\n\t\t\t\t<\/div>\n\t\t<div class=\"elementor-element elementor-element-376ab9a e-flex e-con-boxed e-con e-parent\" data-id=\"376ab9a\" data-element_type=\"container\" data-e-type=\"container\">\n\t\t\t\t\t<div class=\"e-con-inner\">\n\t\t\t\t<div class=\"elementor-element elementor-element-b871d68 elementor-widget-divider--view-line elementor-widget elementor-widget-divider\" data-id=\"b871d68\" data-element_type=\"widget\" data-e-type=\"widget\" data-widget_type=\"divider.default\">\n\t\t\t\t<div class=\"elementor-widget-container\">\n\t\t\t\t\t\t\t<div class=\"elementor-divider\">\n\t\t\t<span class=\"elementor-divider-separator\">\n\t\t\t\t\t\t<\/span>\n\t\t<\/div>\n\t\t\t\t\t\t<\/div>\n\t\t\t\t<\/div>\n\t\t\t\t\t<\/div>\n\t\t\t\t<\/div>\n\t\t<div class=\"elementor-element elementor-element-b08b774 e-flex e-con-boxed e-con e-parent\" data-id=\"b08b774\" data-element_type=\"container\" data-e-type=\"container\">\n\t\t\t\t\t<div class=\"e-con-inner\">\n\t\t<div class=\"elementor-element elementor-element-b6ebe8c e-con-full e-flex e-con e-child\" data-id=\"b6ebe8c\" data-element_type=\"container\" data-e-type=\"container\">\n\t\t\t\t<\/div>\n\t\t<div class=\"elementor-element elementor-element-a97749e e-con-full e-flex e-con e-child\" data-id=\"a97749e\" data-element_type=\"container\" data-e-type=\"container\">\n\t\t\t\t<div class=\"elementor-element elementor-element-6e98e05 elementor-widget elementor-widget-text-editor\" data-id=\"6e98e05\" data-element_type=\"widget\" data-e-type=\"widget\" data-widget_type=\"text-editor.default\">\n\t\t\t\t<div class=\"elementor-widget-container\">\n\t\t\t\t\t\t\t\t\t<ul><li><strong>Conseil d&rsquo;administration tous les trois mois<\/strong><\/li><li><strong>Assembl\u00e9e g\u00e9n\u00e9rale dans les trois d\u00e9partements avec conf\u00e9rence et sortie th\u00e9matique<\/strong><\/li><li><strong>Participation, \u00e0 titre collectif ou individuel, \u00e0 des manifestations culturelles r\u00e9gionales<\/strong><\/li><\/ul>\t\t\t\t\t\t\t\t<\/div>\n\t\t\t\t<\/div>\n\t\t\t\t<\/div>\n\t\t<div class=\"elementor-element elementor-element-eb433b6 e-con-full e-flex e-con e-child\" data-id=\"eb433b6\" data-element_type=\"container\" data-e-type=\"container\">\n\t\t\t\t<\/div>\n\t\t\t\t\t<\/div>\n\t\t\t\t<\/div>\n\t\t<div class=\"elementor-element elementor-element-a88fca3 e-flex e-con-boxed e-con e-parent\" data-id=\"a88fca3\" data-element_type=\"container\" data-e-type=\"container\">\n\t\t\t\t\t<div class=\"e-con-inner\">\n\t\t\t\t<div class=\"elementor-element elementor-element-a21b203 elementor-widget elementor-widget-heading\" data-id=\"a21b203\" data-element_type=\"widget\" data-e-type=\"widget\" data-widget_type=\"heading.default\">\n\t\t\t\t<div class=\"elementor-widget-container\">\n\t\t\t\t\t<h2 class=\"elementor-heading-title elementor-size-default\">Horizon d'Argonne<\/h2>\t\t\t\t<\/div>\n\t\t\t\t<\/div>\n\t\t<div class=\"elementor-element elementor-element-c3d748c e-con-full e-flex e-con e-child\" data-id=\"c3d748c\" data-element_type=\"container\" data-e-type=\"container\">\n\t\t\t\t<div class=\"elementor-element elementor-element-c3deaf0 elementor-widget elementor-widget-text-editor\" data-id=\"c3deaf0\" data-element_type=\"widget\" data-e-type=\"widget\" data-widget_type=\"text-editor.default\">\n\t\t\t\t<div class=\"elementor-widget-container\">\n\t\t\t\t\t\t\t\t\t<p style=\"font-weight: 400;\"><strong>Une revue plus que soixantenaire.<\/strong> Notre premier num\u00e9ro est paru en 1964, et le n\u00b0 102 est sorti en 2025. Tous les num\u00e9ros, \u00e0 l\u2019exception de ce dernier, sont consultables gratuitement sur ce site. Les versions sur papier sont disponibles dans nos points de vente et sur simple demande, au prix affich\u00e9 augment\u00e9 des frais postaux.<\/p><p style=\"font-weight: 400;\">Les num\u00e9ros, depuis le 87, sont au tarif de 20 euros. Les num\u00e9ros ant\u00e9rieurs sont aux tarifs affich\u00e9s en 3<sup>e <\/sup>page de couverture. Un tarif particulier est consenti pour l\u2019acquisition de plusieurs num\u00e9ros.<\/p><p style=\"font-weight: 400;\">Les directeurs de la revue <em>Horizons d\u2019Argonne<\/em> furent successivement Robert TILLOY\u00a0(+), g\u00e9ologue en 1964, Hubert BARTHELEMY\u00a0(+ 1974), journaliste, en 1969, le R.P. Serge BONNET (+ 2015), dominicain, en 1974,\u00a0 Georges CLAUSE (+ 2023) universitaire, en 1989, Jean-Paul AMAT, universitaire, en 1989. Gilles D\u00c9ROCHE lui a succ\u00e9d\u00e9 en 2013.<\/p><p style=\"font-weight: 400;\"><em>\u00a0<\/em><strong>Aper\u00e7u de la collection<\/strong>. Les num\u00e9ros sont des m\u00e9langes d\u2019articles divers, mais un certain nombre illustrent des th\u00e8mes particuliers\u00a0: La for\u00eat d\u2019Argonne\u00a0; L\u2019Argonnais et sa maison\u00a0; La guerre de 1939-1945\u00a0; La terre et l\u2019eau\u00a0; Les \u00e9trangers dans nos villages\u00a0; La chasse\u00a0; De la voie romaine \u00e0 l\u2019autoroute\u00a0; L\u2019ermitage de Saint-Rouin\u00a0; L\u2019Argonne ardennaise\u00a0; L\u2019agriculture\u00a0; Le patois des croix\u00a0; Guides et voyages\u00a0; L\u2019industrie\u00a0;\u00a0 Artistes et artisans\u00a0; La mort\u00a0; La for\u00eat et le bois\u00a0; Le feu\u00a0; La R\u00e9volution\u00a0; Les jeux\u00a0; L\u2019abbaye de la Chalade\u00a0; La m\u00e9decine\u00a0; Femmes d\u2019Argonne; La Grande Guerre.<\/p><p style=\"font-weight: 400;\"><strong>Les tables analytiques des anciens num\u00e9ros sont dans le num\u00e9ro 86, et celles de la nouvelle s\u00e9rie\u00a0 dans le num\u00e9ro 100.<\/strong><\/p>\t\t\t\t\t\t\t\t<\/div>\n\t\t\t\t<\/div>\n\t\t\t\t<\/div>\n\t\t\t\t\t<\/div>\n\t\t\t\t<\/div>\n\t\t\t\t<\/div>\n\t\t","protected":false},"excerpt":{"rendered":"<p>Pr\u00e9sentation Le Centre d&rsquo;\u00c9tudes Argonnais est une association r\u00e9unissant des hommes et des femmes attach\u00e9s &hellip; <\/p>\n","protected":false},"author":1,"featured_media":0,"parent":0,"menu_order":0,"comment_status":"closed","ping_status":"closed","template":"","meta":{"footnotes":""},"class_list":["post-12","page","type-page","status-publish","hentry","latest_post"],"yoast_head":"<!-- This site is optimized with the Yoast SEO plugin v27.0 - https:\/\/yoast.com\/product\/yoast-seo-wordpress\/ -->\n<title>\u00c0 propos de - Le Centre d&#039;\u00c9tudes Argonnais<\/title>\n<meta name=\"robots\" content=\"index, follow, max-snippet:-1, max-image-preview:large, max-video-preview:-1\" \/>\n<link rel=\"canonical\" href=\"https:\/\/centredetudesargonnais.com\/index.php\/a-propos-de\/\" \/>\n<meta property=\"og:locale\" content=\"fr_FR\" \/>\n<meta property=\"og:type\" content=\"article\" \/>\n<meta property=\"og:title\" content=\"\u00c0 propos de - Le Centre d&#039;\u00c9tudes Argonnais\" \/>\n<meta property=\"og:description\" content=\"Pr\u00e9sentation Le Centre d&rsquo;\u00c9tudes Argonnais est une association r\u00e9unissant des hommes et des femmes attach\u00e9s &hellip;\" \/>\n<meta property=\"og:url\" content=\"https:\/\/centredetudesargonnais.com\/index.php\/a-propos-de\/\" \/>\n<meta property=\"og:site_name\" content=\"Le Centre d&#039;\u00c9tudes Argonnais\" \/>\n<meta property=\"article:modified_time\" content=\"2025-11-27T14:23:14+00:00\" \/>\n<meta property=\"og:image\" content=\"https:\/\/centredetudesargonnais.com\/wp-content\/uploads\/2024\/08\/WD-CE-Argonnais.png\" \/>\n\t<meta property=\"og:image:width\" content=\"600\" \/>\n\t<meta property=\"og:image:height\" content=\"140\" \/>\n\t<meta property=\"og:image:type\" content=\"image\/png\" \/>\n<meta name=\"twitter:card\" content=\"summary_large_image\" \/>\n<meta name=\"twitter:label1\" content=\"Dur\u00e9e de lecture estim\u00e9e\" \/>\n\t<meta name=\"twitter:data1\" content=\"4 minutes\" \/>\n<script type=\"application\/ld+json\" class=\"yoast-schema-graph\">{\"@context\":\"https:\/\/schema.org\",\"@graph\":[{\"@type\":\"WebPage\",\"@id\":\"https:\/\/centredetudesargonnais.com\/index.php\/a-propos-de\/\",\"url\":\"https:\/\/centredetudesargonnais.com\/index.php\/a-propos-de\/\",\"name\":\"\u00c0 propos de - Le Centre d&#039;\u00c9tudes Argonnais\",\"isPartOf\":{\"@id\":\"https:\/\/centredetudesargonnais.com\/#website\"},\"primaryImageOfPage\":{\"@id\":\"https:\/\/centredetudesargonnais.com\/index.php\/a-propos-de\/#primaryimage\"},\"image\":{\"@id\":\"https:\/\/centredetudesargonnais.com\/index.php\/a-propos-de\/#primaryimage\"},\"thumbnailUrl\":\"http:\/\/centredetudesargonnais.com\/wp-content\/uploads\/2024\/08\/WD-CE-Argonnais.png\",\"datePublished\":\"2024-06-06T12:25:09+00:00\",\"dateModified\":\"2025-11-27T14:23:14+00:00\",\"breadcrumb\":{\"@id\":\"https:\/\/centredetudesargonnais.com\/index.php\/a-propos-de\/#breadcrumb\"},\"inLanguage\":\"fr-FR\",\"potentialAction\":[{\"@type\":\"ReadAction\",\"target\":[\"https:\/\/centredetudesargonnais.com\/index.php\/a-propos-de\/\"]}]},{\"@type\":\"ImageObject\",\"inLanguage\":\"fr-FR\",\"@id\":\"https:\/\/centredetudesargonnais.com\/index.php\/a-propos-de\/#primaryimage\",\"url\":\"https:\/\/centredetudesargonnais.com\/wp-content\/uploads\/2024\/08\/WD-CE-Argonnais.png\",\"contentUrl\":\"https:\/\/centredetudesargonnais.com\/wp-content\/uploads\/2024\/08\/WD-CE-Argonnais.png\",\"width\":600,\"height\":140},{\"@type\":\"BreadcrumbList\",\"@id\":\"https:\/\/centredetudesargonnais.com\/index.php\/a-propos-de\/#breadcrumb\",\"itemListElement\":[{\"@type\":\"ListItem\",\"position\":1,\"name\":\"Accueil\",\"item\":\"https:\/\/centredetudesargonnais.com\/\"},{\"@type\":\"ListItem\",\"position\":2,\"name\":\"\u00c0 propos de\"}]},{\"@type\":\"WebSite\",\"@id\":\"https:\/\/centredetudesargonnais.com\/#website\",\"url\":\"https:\/\/centredetudesargonnais.com\/\",\"name\":\"Le Centre d&#039;\u00c9tudes Argonnais\",\"description\":\"Association\",\"publisher\":{\"@id\":\"https:\/\/centredetudesargonnais.com\/#organization\"},\"potentialAction\":[{\"@type\":\"SearchAction\",\"target\":{\"@type\":\"EntryPoint\",\"urlTemplate\":\"https:\/\/centredetudesargonnais.com\/?s={search_term_string}\"},\"query-input\":{\"@type\":\"PropertyValueSpecification\",\"valueRequired\":true,\"valueName\":\"search_term_string\"}}],\"inLanguage\":\"fr-FR\"},{\"@type\":\"Organization\",\"@id\":\"https:\/\/centredetudesargonnais.com\/#organization\",\"name\":\"Le Centre d&#039;\u00c9tudes Argonnais\",\"url\":\"https:\/\/centredetudesargonnais.com\/\",\"logo\":{\"@type\":\"ImageObject\",\"inLanguage\":\"fr-FR\",\"@id\":\"https:\/\/centredetudesargonnais.com\/#\/schema\/logo\/image\/\",\"url\":\"https:\/\/centredetudesargonnais.com\/wp-content\/uploads\/2025\/12\/logo-site-menu.png\",\"contentUrl\":\"https:\/\/centredetudesargonnais.com\/wp-content\/uploads\/2025\/12\/logo-site-menu.png\",\"width\":120,\"height\":120,\"caption\":\"Le Centre d&#039;\u00c9tudes Argonnais\"},\"image\":{\"@id\":\"https:\/\/centredetudesargonnais.com\/#\/schema\/logo\/image\/\"}}]}<\/script>\n<!-- \/ Yoast SEO plugin. -->","yoast_head_json":{"title":"\u00c0 propos de - Le Centre d&#039;\u00c9tudes Argonnais","robots":{"index":"index","follow":"follow","max-snippet":"max-snippet:-1","max-image-preview":"max-image-preview:large","max-video-preview":"max-video-preview:-1"},"canonical":"https:\/\/centredetudesargonnais.com\/index.php\/a-propos-de\/","og_locale":"fr_FR","og_type":"article","og_title":"\u00c0 propos de - Le Centre d&#039;\u00c9tudes Argonnais","og_description":"Pr\u00e9sentation Le Centre d&rsquo;\u00c9tudes Argonnais est une association r\u00e9unissant des hommes et des femmes attach\u00e9s &hellip;","og_url":"https:\/\/centredetudesargonnais.com\/index.php\/a-propos-de\/","og_site_name":"Le Centre d&#039;\u00c9tudes Argonnais","article_modified_time":"2025-11-27T14:23:14+00:00","og_image":[{"width":600,"height":140,"url":"https:\/\/centredetudesargonnais.com\/wp-content\/uploads\/2024\/08\/WD-CE-Argonnais.png","type":"image\/png"}],"twitter_card":"summary_large_image","twitter_misc":{"Dur\u00e9e de lecture estim\u00e9e":"4 minutes"},"schema":{"@context":"https:\/\/schema.org","@graph":[{"@type":"WebPage","@id":"https:\/\/centredetudesargonnais.com\/index.php\/a-propos-de\/","url":"https:\/\/centredetudesargonnais.com\/index.php\/a-propos-de\/","name":"\u00c0 propos de - Le Centre d&#039;\u00c9tudes Argonnais","isPartOf":{"@id":"https:\/\/centredetudesargonnais.com\/#website"},"primaryImageOfPage":{"@id":"https:\/\/centredetudesargonnais.com\/index.php\/a-propos-de\/#primaryimage"},"image":{"@id":"https:\/\/centredetudesargonnais.com\/index.php\/a-propos-de\/#primaryimage"},"thumbnailUrl":"http:\/\/centredetudesargonnais.com\/wp-content\/uploads\/2024\/08\/WD-CE-Argonnais.png","datePublished":"2024-06-06T12:25:09+00:00","dateModified":"2025-11-27T14:23:14+00:00","breadcrumb":{"@id":"https:\/\/centredetudesargonnais.com\/index.php\/a-propos-de\/#breadcrumb"},"inLanguage":"fr-FR","potentialAction":[{"@type":"ReadAction","target":["https:\/\/centredetudesargonnais.com\/index.php\/a-propos-de\/"]}]},{"@type":"ImageObject","inLanguage":"fr-FR","@id":"https:\/\/centredetudesargonnais.com\/index.php\/a-propos-de\/#primaryimage","url":"https:\/\/centredetudesargonnais.com\/wp-content\/uploads\/2024\/08\/WD-CE-Argonnais.png","contentUrl":"https:\/\/centredetudesargonnais.com\/wp-content\/uploads\/2024\/08\/WD-CE-Argonnais.png","width":600,"height":140},{"@type":"BreadcrumbList","@id":"https:\/\/centredetudesargonnais.com\/index.php\/a-propos-de\/#breadcrumb","itemListElement":[{"@type":"ListItem","position":1,"name":"Accueil","item":"https:\/\/centredetudesargonnais.com\/"},{"@type":"ListItem","position":2,"name":"\u00c0 propos de"}]},{"@type":"WebSite","@id":"https:\/\/centredetudesargonnais.com\/#website","url":"https:\/\/centredetudesargonnais.com\/","name":"Le Centre d&#039;\u00c9tudes Argonnais","description":"Association","publisher":{"@id":"https:\/\/centredetudesargonnais.com\/#organization"},"potentialAction":[{"@type":"SearchAction","target":{"@type":"EntryPoint","urlTemplate":"https:\/\/centredetudesargonnais.com\/?s={search_term_string}"},"query-input":{"@type":"PropertyValueSpecification","valueRequired":true,"valueName":"search_term_string"}}],"inLanguage":"fr-FR"},{"@type":"Organization","@id":"https:\/\/centredetudesargonnais.com\/#organization","name":"Le Centre d&#039;\u00c9tudes Argonnais","url":"https:\/\/centredetudesargonnais.com\/","logo":{"@type":"ImageObject","inLanguage":"fr-FR","@id":"https:\/\/centredetudesargonnais.com\/#\/schema\/logo\/image\/","url":"https:\/\/centredetudesargonnais.com\/wp-content\/uploads\/2025\/12\/logo-site-menu.png","contentUrl":"https:\/\/centredetudesargonnais.com\/wp-content\/uploads\/2025\/12\/logo-site-menu.png","width":120,"height":120,"caption":"Le Centre d&#039;\u00c9tudes Argonnais"},"image":{"@id":"https:\/\/centredetudesargonnais.com\/#\/schema\/logo\/image\/"}}]}},"jetpack_sharing_enabled":true,"_links":{"self":[{"href":"https:\/\/centredetudesargonnais.com\/index.php\/wp-json\/wp\/v2\/pages\/12","targetHints":{"allow":["GET"]}}],"collection":[{"href":"https:\/\/centredetudesargonnais.com\/index.php\/wp-json\/wp\/v2\/pages"}],"about":[{"href":"https:\/\/centredetudesargonnais.com\/index.php\/wp-json\/wp\/v2\/types\/page"}],"author":[{"embeddable":true,"href":"https:\/\/centredetudesargonnais.com\/index.php\/wp-json\/wp\/v2\/users\/1"}],"replies":[{"embeddable":true,"href":"https:\/\/centredetudesargonnais.com\/index.php\/wp-json\/wp\/v2\/comments?post=12"}],"version-history":[{"count":22,"href":"https:\/\/centredetudesargonnais.com\/index.php\/wp-json\/wp\/v2\/pages\/12\/revisions"}],"predecessor-version":[{"id":1677,"href":"https:\/\/centredetudesargonnais.com\/index.php\/wp-json\/wp\/v2\/pages\/12\/revisions\/1677"}],"wp:attachment":[{"href":"https:\/\/centredetudesargonnais.com\/index.php\/wp-json\/wp\/v2\/media?parent=12"}],"curies":[{"name":"wp","href":"https:\/\/api.w.org\/{rel}","templated":true}]}}